{"id":63,"date":"2026-03-14T11:27:02","date_gmt":"2026-03-14T11:27:02","guid":{"rendered":"http:\/\/l-m-service.com\/?page_id=63"},"modified":"2026-03-14T11:31:46","modified_gmt":"2026-03-14T11:31:46","slug":"apres-travaux","status":"publish","type":"page","link":"https:\/\/l-m-service.com\/index.php\/apres-travaux\/","title":{"rendered":"Apr\u00e8s travaux"},"content":{"rendered":"\n<p>Apr\u00e8s un chantier ou une r\u00e9novation, un nettoyage approfondi est indispensable pour rendre les lieux parfaitement utilisables.<\/p>\n\n\n\n<p>Nos \u00e9quipes interviennent pour un <strong>nettoyage de fin de chantier complet<\/strong>, afin d\u2019\u00e9liminer toutes les traces de travaux :<\/p>\n\n\n\n<ul class=\"wp-block-list\">\n<li>poussi\u00e8res et r\u00e9sidus de chantier<\/li>\n\n\n\n<li>traces de peinture ou de colle<\/li>\n\n\n\n<li>nettoyage des vitres<\/li>\n\n\n\n<li>remise en \u00e9tat des sols<\/li>\n\n\n\n<li>d\u00e9poussi\u00e9rage complet des surfaces<\/li>\n<\/ul>\n\n\n\n<p>Nous assurons une <strong>remise en \u00e9tat rapide et efficace<\/strong>, pour que vos locaux soient pr\u00eats \u00e0 \u00eatre utilis\u00e9s ou livr\u00e9s.<\/p>\n","protected":false},"excerpt":{"rendered":"<p>Apr\u00e8s un chantier ou une r\u00e9novation, un nettoyage approfondi est indispensable pour rendre les lieux parfaitement utilisables. Nos \u00e9quipes interviennent pour un nettoyage de fin de chantier complet, afin d\u2019\u00e9liminer toutes les traces de travaux : Nous assurons une remise en \u00e9tat rapide et efficace, pour que vos locaux soient pr\u00eats \u00e0 \u00eatre utilis\u00e9s ou &hellip; <\/p>\n<p class=\"link-more\"><a href=\"https:\/\/l-m-service.com\/index.php\/apres-travaux\/\" class=\"more-link\">Continue reading<span class=\"screen-reader-text\"> &#8220;Apr\u00e8s travaux&#8221;<\/span><\/a><\/p>\n","protected":false},"author":1,"featured_media":0,"parent":0,"menu_order":0,"comment_status":"closed","ping_status":"closed","template":"","meta":{"footnotes":""},"class_list":["post-63","page","type-page","status-publish","hentry"],"_links":{"self":[{"href":"https:\/\/l-m-service.com\/index.php\/wp-json\/wp\/v2\/pages\/63","targetHints":{"allow":["GET"]}}],"collection":[{"href":"https:\/\/l-m-service.com\/index.php\/wp-json\/wp\/v2\/pages"}],"about":[{"href":"https:\/\/l-m-service.com\/index.php\/wp-json\/wp\/v2\/types\/page"}],"author":[{"embeddable":true,"href":"https:\/\/l-m-service.com\/index.php\/wp-json\/wp\/v2\/users\/1"}],"replies":[{"embeddable":true,"href":"https:\/\/l-m-service.com\/index.php\/wp-json\/wp\/v2\/comments?post=63"}],"version-history":[{"count":2,"href":"https:\/\/l-m-service.com\/index.php\/wp-json\/wp\/v2\/pages\/63\/revisions"}],"predecessor-version":[{"id":76,"href":"https:\/\/l-m-service.com\/index.php\/wp-json\/wp\/v2\/pages\/63\/revisions\/76"}],"wp:attachment":[{"href":"https:\/\/l-m-service.com\/index.php\/wp-json\/wp\/v2\/media?parent=63"}],"curies":[{"name":"wp","href":"https:\/\/api.w.org\/{rel}","templated":true}]}}