{"id":62,"date":"2026-03-14T11:27:02","date_gmt":"2026-03-14T11:27:02","guid":{"rendered":"http:\/\/l-m-service.com\/?page_id=62"},"modified":"2026-03-14T11:30:31","modified_gmt":"2026-03-14T11:30:31","slug":"hotels-housekeeping","status":"publish","type":"page","link":"https:\/\/l-m-service.com\/index.php\/hotels-housekeeping\/","title":{"rendered":"H\u00f4tels \u2013 Housekeeping"},"content":{"rendered":"\n<p>Dans l\u2019h\u00f4tellerie, <strong>la propret\u00e9 est un crit\u00e8re essentiel pour la satisfaction des clients<\/strong>.<\/p>\n\n\n\n<p>L-M Service met \u00e0 disposition des \u00e9quipes form\u00e9es aux exigences de l\u2019h\u00f4tellerie pour assurer un service de <strong>housekeeping professionnel et discret<\/strong>.<\/p>\n\n\n\n<p>Nos prestations incluent :<\/p>\n\n\n\n<ul class=\"wp-block-list\">\n<li>nettoyage et remise en \u00e9tat des chambres<\/li>\n\n\n\n<li>changement et gestion du linge<\/li>\n\n\n\n<li>nettoyage des salles de bain<\/li>\n\n\n\n<li>entretien des parties communes<\/li>\n\n\n\n<li>pr\u00e9paration des chambres pour les arriv\u00e9es clients<\/li>\n<\/ul>\n\n\n\n<p>Nous travaillons avec rigueur afin de garantir <strong>rapidit\u00e9, qualit\u00e9 et respect des standards h\u00f4teliers<\/strong>.<\/p>\n","protected":false},"excerpt":{"rendered":"<p>Dans l\u2019h\u00f4tellerie, la propret\u00e9 est un crit\u00e8re essentiel pour la satisfaction des clients. L-M Service met \u00e0 disposition des \u00e9quipes form\u00e9es aux exigences de l\u2019h\u00f4tellerie pour assurer un service de housekeeping professionnel et discret. Nos prestations incluent : Nous travaillons avec rigueur afin de garantir rapidit\u00e9, qualit\u00e9 et respect des standards h\u00f4teliers.<\/p>\n","protected":false},"author":1,"featured_media":0,"parent":0,"menu_order":0,"comment_status":"closed","ping_status":"closed","template":"","meta":{"footnotes":""},"class_list":["post-62","page","type-page","status-publish","hentry"],"_links":{"self":[{"href":"https:\/\/l-m-service.com\/index.php\/wp-json\/wp\/v2\/pages\/62","targetHints":{"allow":["GET"]}}],"collection":[{"href":"https:\/\/l-m-service.com\/index.php\/wp-json\/wp\/v2\/pages"}],"about":[{"href":"https:\/\/l-m-service.com\/index.php\/wp-json\/wp\/v2\/types\/page"}],"author":[{"embeddable":true,"href":"https:\/\/l-m-service.com\/index.php\/wp-json\/wp\/v2\/users\/1"}],"replies":[{"embeddable":true,"href":"https:\/\/l-m-service.com\/index.php\/wp-json\/wp\/v2\/comments?post=62"}],"version-history":[{"count":2,"href":"https:\/\/l-m-service.com\/index.php\/wp-json\/wp\/v2\/pages\/62\/revisions"}],"predecessor-version":[{"id":73,"href":"https:\/\/l-m-service.com\/index.php\/wp-json\/wp\/v2\/pages\/62\/revisions\/73"}],"wp:attachment":[{"href":"https:\/\/l-m-service.com\/index.php\/wp-json\/wp\/v2\/media?parent=62"}],"curies":[{"name":"wp","href":"https:\/\/api.w.org\/{rel}","templated":true}]}}