{"id":61,"date":"2026-03-14T11:27:02","date_gmt":"2026-03-14T11:27:02","guid":{"rendered":"http:\/\/l-m-service.com\/?page_id=61"},"modified":"2026-03-14T11:30:59","modified_gmt":"2026-03-14T11:30:59","slug":"locaux-professionnels","status":"publish","type":"page","link":"https:\/\/l-m-service.com\/index.php\/locaux-professionnels\/","title":{"rendered":"Locaux professionnels"},"content":{"rendered":"\n<p>Un environnement de travail propre am\u00e9liore la productivit\u00e9, le confort des collaborateurs et l\u2019image de votre entreprise.<\/p>\n\n\n\n<p>L-M Service assure le <strong>nettoyage complet de vos locaux professionnels<\/strong>, avec des prestations adapt\u00e9es \u00e0 votre activit\u00e9 et \u00e0 vos horaires.<\/p>\n\n\n\n<p>Nos interventions comprennent notamment :<\/p>\n\n\n\n<ul class=\"wp-block-list\">\n<li>nettoyage des sols (aspiration, lavage, traitement)<\/li>\n\n\n\n<li>d\u00e9poussi\u00e9rage des surfaces et du mobilier<\/li>\n\n\n\n<li>nettoyage des sanitaires<\/li>\n\n\n\n<li>gestion des poubelles<\/li>\n\n\n\n<li>d\u00e9sinfection des zones de contact<\/li>\n<\/ul>\n\n\n\n<p>Nous adaptons la fr\u00e9quence de nos interventions <strong>quotidienne, hebdomadaire ou ponctuelle<\/strong>, selon vos besoins.<\/p>\n","protected":false},"excerpt":{"rendered":"<p>Un environnement de travail propre am\u00e9liore la productivit\u00e9, le confort des collaborateurs et l\u2019image de votre entreprise. L-M Service assure le nettoyage complet de vos locaux professionnels, avec des prestations adapt\u00e9es \u00e0 votre activit\u00e9 et \u00e0 vos horaires. Nos interventions comprennent notamment : Nous adaptons la fr\u00e9quence de nos interventions quotidienne, hebdomadaire ou ponctuelle, selon &hellip; <\/p>\n<p class=\"link-more\"><a href=\"https:\/\/l-m-service.com\/index.php\/locaux-professionnels\/\" class=\"more-link\">Continue reading<span class=\"screen-reader-text\"> &#8220;Locaux professionnels&#8221;<\/span><\/a><\/p>\n","protected":false},"author":1,"featured_media":0,"parent":0,"menu_order":0,"comment_status":"closed","ping_status":"closed","template":"","meta":{"footnotes":""},"class_list":["post-61","page","type-page","status-publish","hentry"],"_links":{"self":[{"href":"https:\/\/l-m-service.com\/index.php\/wp-json\/wp\/v2\/pages\/61","targetHints":{"allow":["GET"]}}],"collection":[{"href":"https:\/\/l-m-service.com\/index.php\/wp-json\/wp\/v2\/pages"}],"about":[{"href":"https:\/\/l-m-service.com\/index.php\/wp-json\/wp\/v2\/types\/page"}],"author":[{"embeddable":true,"href":"https:\/\/l-m-service.com\/index.php\/wp-json\/wp\/v2\/users\/1"}],"replies":[{"embeddable":true,"href":"https:\/\/l-m-service.com\/index.php\/wp-json\/wp\/v2\/comments?post=61"}],"version-history":[{"count":2,"href":"https:\/\/l-m-service.com\/index.php\/wp-json\/wp\/v2\/pages\/61\/revisions"}],"predecessor-version":[{"id":74,"href":"https:\/\/l-m-service.com\/index.php\/wp-json\/wp\/v2\/pages\/61\/revisions\/74"}],"wp:attachment":[{"href":"https:\/\/l-m-service.com\/index.php\/wp-json\/wp\/v2\/media?parent=61"}],"curies":[{"name":"wp","href":"https:\/\/api.w.org\/{rel}","templated":true}]}}