{"id":12,"date":"2026-03-14T10:36:54","date_gmt":"2026-03-14T10:36:54","guid":{"rendered":"http:\/\/l-m-service.com\/?page_id=12"},"modified":"2026-03-14T13:04:49","modified_gmt":"2026-03-14T13:04:49","slug":"about","status":"publish","type":"page","link":"https:\/\/l-m-service.com\/index.php\/about\/","title":{"rendered":"Qui sommes-nous ?"},"content":{"rendered":"\n<p><strong>L-M Service, votre partenaire propret\u00e9<\/strong><\/p>\n\n\n\n<p>L-M Service est une entreprise sp\u00e9cialis\u00e9e dans le nettoyage professionnel pour les entreprises, les h\u00f4tels et les \u00e9tablissements administratifs.<\/p>\n\n\n\n<p>Notre mission est simple : <strong>offrir un service de qualit\u00e9 irr\u00e9prochable et une relation de confiance durable avec nos clients.<\/strong><\/p>\n\n\n\n<p>Nous nous distinguons par :<\/p>\n\n\n\n<p>\u2714 une \u00e9quipe professionnelle et motiv\u00e9e<br>\u2714 un sens du d\u00e9tail et de la finition<br>\u2714 une grande r\u00e9activit\u00e9<br>\u2714 des prestations personnalis\u00e9es<\/p>\n\n\n\n<p>Chaque client est unique. C\u2019est pourquoi nous \u00e9tudions vos besoins afin de vous proposer <strong>des solutions de nettoyage efficaces, adapt\u00e9es et durables<\/strong>.<\/p>\n\n\n\n<p>Avec <strong>L-M Service<\/strong>, vous choisissez un partenaire engag\u00e9 pour la propret\u00e9 et la valorisation de vos espaces.<\/p>\n","protected":false},"excerpt":{"rendered":"<p>L-M Service, votre partenaire propret\u00e9 L-M Service est une entreprise sp\u00e9cialis\u00e9e dans le nettoyage professionnel pour les entreprises, les h\u00f4tels et les \u00e9tablissements administratifs. Notre mission est simple : offrir un service de qualit\u00e9 irr\u00e9prochable et une relation de confiance durable avec nos clients. Nous nous distinguons par : \u2714 une \u00e9quipe professionnelle et motiv\u00e9e\u2714 &hellip; <\/p>\n<p class=\"link-more\"><a href=\"https:\/\/l-m-service.com\/index.php\/about\/\" class=\"more-link\">Continue reading<span class=\"screen-reader-text\"> &#8220;Qui sommes-nous ?&#8221;<\/span><\/a><\/p>\n","protected":false},"author":1,"featured_media":0,"parent":0,"menu_order":0,"comment_status":"closed","ping_status":"closed","template":"","meta":{"footnotes":""},"class_list":["post-12","page","type-page","status-publish","hentry"],"_links":{"self":[{"href":"https:\/\/l-m-service.com\/index.php\/wp-json\/wp\/v2\/pages\/12","targetHints":{"allow":["GET"]}}],"collection":[{"href":"https:\/\/l-m-service.com\/index.php\/wp-json\/wp\/v2\/pages"}],"about":[{"href":"https:\/\/l-m-service.com\/index.php\/wp-json\/wp\/v2\/types\/page"}],"author":[{"embeddable":true,"href":"https:\/\/l-m-service.com\/index.php\/wp-json\/wp\/v2\/users\/1"}],"replies":[{"embeddable":true,"href":"https:\/\/l-m-service.com\/index.php\/wp-json\/wp\/v2\/comments?post=12"}],"version-history":[{"count":2,"href":"https:\/\/l-m-service.com\/index.php\/wp-json\/wp\/v2\/pages\/12\/revisions"}],"predecessor-version":[{"id":78,"href":"https:\/\/l-m-service.com\/index.php\/wp-json\/wp\/v2\/pages\/12\/revisions\/78"}],"wp:attachment":[{"href":"https:\/\/l-m-service.com\/index.php\/wp-json\/wp\/v2\/media?parent=12"}],"curies":[{"name":"wp","href":"https:\/\/api.w.org\/{rel}","templated":true}]}}