{"id":11,"date":"2026-03-14T10:36:54","date_gmt":"2026-03-14T10:36:54","guid":{"rendered":"http:\/\/l-m-service.com\/?page_id=11"},"modified":"2026-03-14T10:49:14","modified_gmt":"2026-03-14T10:49:14","slug":"home","status":"publish","type":"page","link":"https:\/\/l-m-service.com\/","title":{"rendered":"L-M Service \u2013 L\u2019exigence du propre, au service de votre image"},"content":{"rendered":"\n<p>Chez <strong>L-M Service<\/strong>, nous savons qu\u2019un environnement propre est essentiel pour le bien-\u00eatre, l\u2019image et la performance de votre activit\u00e9.<br>Nous accompagnons les entreprises, h\u00f4tels et \u00e9tablissements professionnels avec des prestations de nettoyage rigoureuses, fiables et adapt\u00e9es \u00e0 chaque besoin.<\/p>\n\n\n\n<p>Notre priorit\u00e9 : <strong>vous offrir des espaces impeccables<\/strong>, gr\u00e2ce \u00e0 une \u00e9quipe qualifi\u00e9e, des m\u00e9thodes efficaces et un sens du d\u00e9tail qui fait la diff\u00e9rence.<\/p>\n\n\n\n<p>\u2714 Interventions rapides<br>\u2714 Prestations sur mesure<br>\u2714 Personnel form\u00e9 et discret<br>\u2714 Qualit\u00e9 constante<\/p>\n\n\n\n<p><strong>Confiez-nous la propret\u00e9 de vos espaces, nous nous occupons du reste.<\/strong><\/p>\n","protected":false},"excerpt":{"rendered":"<p>Chez L-M Service, nous savons qu\u2019un environnement propre est essentiel pour le bien-\u00eatre, l\u2019image et la performance de votre activit\u00e9.Nous accompagnons les entreprises, h\u00f4tels et \u00e9tablissements professionnels avec des prestations de nettoyage rigoureuses, fiables et adapt\u00e9es \u00e0 chaque besoin. Notre priorit\u00e9 : vous offrir des espaces impeccables, gr\u00e2ce \u00e0 une \u00e9quipe qualifi\u00e9e, des m\u00e9thodes efficaces &hellip; <\/p>\n<p class=\"link-more\"><a href=\"https:\/\/l-m-service.com\/\" class=\"more-link\">Continue reading<span class=\"screen-reader-text\"> &#8220;L-M Service \u2013 L\u2019exigence du propre, au service de votre image&#8221;<\/span><\/a><\/p>\n","protected":false},"author":1,"featured_media":0,"parent":0,"menu_order":0,"comment_status":"closed","ping_status":"closed","template":"","meta":{"footnotes":""},"class_list":["post-11","page","type-page","status-publish","hentry"],"_links":{"self":[{"href":"https:\/\/l-m-service.com\/index.php\/wp-json\/wp\/v2\/pages\/11","targetHints":{"allow":["GET"]}}],"collection":[{"href":"https:\/\/l-m-service.com\/index.php\/wp-json\/wp\/v2\/pages"}],"about":[{"href":"https:\/\/l-m-service.com\/index.php\/wp-json\/wp\/v2\/types\/page"}],"author":[{"embeddable":true,"href":"https:\/\/l-m-service.com\/index.php\/wp-json\/wp\/v2\/users\/1"}],"replies":[{"embeddable":true,"href":"https:\/\/l-m-service.com\/index.php\/wp-json\/wp\/v2\/comments?post=11"}],"version-history":[{"count":2,"href":"https:\/\/l-m-service.com\/index.php\/wp-json\/wp\/v2\/pages\/11\/revisions"}],"predecessor-version":[{"id":35,"href":"https:\/\/l-m-service.com\/index.php\/wp-json\/wp\/v2\/pages\/11\/revisions\/35"}],"wp:attachment":[{"href":"https:\/\/l-m-service.com\/index.php\/wp-json\/wp\/v2\/media?parent=11"}],"curies":[{"name":"wp","href":"https:\/\/api.w.org\/{rel}","templated":true}]}}